{"id":8,"date":"2017-07-30T19:05:37","date_gmt":"2017-07-30T19:05:37","guid":{"rendered":"https:\/\/iglesiaevangelicadesansebastian.wordpress.com\/?page_id=5"},"modified":"2026-01-06T09:20:19","modified_gmt":"2026-01-06T09:20:19","slug":"pagina-de-inicio","status":"publish","type":"page","link":"https:\/\/www.iglesiadesansebastian.org\/","title":{"rendered":"Bienvenida  \/ Ongietorria"},"content":{"rendered":"<h5><span style=\"color: #000080;\"><em><span style=\"color: #000080;\"><span style=\"color: #000080;\"><span style=\"color: #000080;\">\u00a0 \u00a0 \u00a0 \u00a0 <b>Te damos la bienvenida a nuestro rinc\u00f3n en la \u00abred\u00bb. Somos una iglesia cristiana evang\u00e9lica ubicada en el barrio de Altza de Donostia-San Sebasti\u00e1n. Si est\u00e1s buscando un lugar donde compartir tu fe, adorar a Dios y aprender un poco m\u00e1s de \u00e9l, este es tu sitio.<\/b><\/span><\/span><\/span><\/em><\/span><\/h5>\n<h5><strong><span style=\"color: #000080;\"><em><strong>\u00a0 \u00a0 \u00a0 \u00a0 \u00a0Si deseas m\u00e1s informaci\u00f3n o te gustar\u00eda asistir a nuestras reuniones p\u00fablicas, por favor contacta en el tel\u00e9fono 676365958, tambi\u00e9n v\u00eda WhatsApp.<\/strong><\/em><\/span><\/strong><\/h5>\n<h5><strong><span style=\"color: #000080;\"><em><strong>Nuestro horario de culto: DOMINGOS\u00a0 12:00 MA\u00d1ANA<\/strong><\/em><\/span><\/strong><strong><span style=\"color: #000080;\"><em><strong> .\u00a0<\/strong> <\/em><\/span><\/strong><\/h5>\n<h5><strong><span style=\"color: #000080;\">Estamos en la calle Bertsolari Txirrita, numero 14 &#8211; Lateral\u00a0 \u00a0 \u00a0 \u00a0 \u00a0 \u00a0 \u00a0 \u00a0 \u00a0 \u00a0 \u00a0 \u00a0 \u00a0 \u00a0 \u00a0 \u00a0Barrio de Alza &#8211; Donostia\u00a0<\/span><\/strong><\/h5>\n<h5><strong><span style=\"color: #000080;\"><em>Bienvenido!<\/em><\/span><\/strong><strong><span style=\"color: #339966;\">\u00a0 \u00a0<\/span><\/strong><strong><span style=\"color: #339966;\"> \u00a0 <\/span><\/strong><\/h5>\n<h5><strong><span style=\"color: #339966;\">\u00a0 \u00a0 \u00a0 Ongi etorri \u00absarean\u00bb dugun txokora. Donostiako Altza auzoan dagoen eliza kristau ebanjelikoa gara. Zure fedea partekatzeko, Jainkoa gurtzeko eta harengandik pixka bat gehiago ikasteko leku baten bila bazabiltza, hau da zure lekua.<\/span><\/strong><\/h5>\n<h5><strong><span style=\"color: #339966;\">Informazio gehiago nahi baduzu edo gure bilera publikoetara joan nahiko bazenu, mesedez, jar zaitez harremanetan 676365958 telefonoan, baita WhatsApp bidez ere.<\/span><\/strong><\/h5>\n<h5><strong><span style=\"color: #339966;\"><br \/>\nGure kultu-ordutegia: IGANDEAK 12:00 GOIZEZ.<br \/>\nTxirrita Bertsolariaren kaleko 14. zenbakian gaude, Altza auzoaren alboan &#8211; Donostia<br \/>\nOngi etorri!<\/span><\/strong><\/h5>\n<p><noscript><a href=\"https:\/\/www.contadorvisitasgratis.com\" title=\"contador de visitas para web\"><img decoding=\"async\" src=\"https:\/\/counter5.stat.ovh\/private\/contadorvisitasgratis.php?c=kft53hl5hqb6xrawt1qyen6fbk6sdyku\" border=\"0\" title=\"contador de visitas para web\" alt=\"contador de visitas para web\"><\/a><\/noscript><\/p>\n<div id=\"sfckft53hl5hqb6xrawt1qyen6fbk6sdyku\"><\/div>\n<figure style=\"width: 200px\" class=\"wp-caption alignleft\"><a href=\"https:\/\/www.contadorvisitasgratis.com\"><img loading=\"lazy\" decoding=\"async\" title=\"contador de visitas para blogger\" src=\"https:\/\/counter9.stat.ovh\/private\/contadorvisitasgratis.php?c=a7hq5e5skk5ggnwwrebnra5yk6uh3xt4\" alt=\"contador de visitas para blogger\" width=\"200\" height=\"50\" border=\"0\" \/><\/a><figcaption class=\"wp-caption-text\">GRACIAS POR TU VISITA!!<\/figcaption><\/figure>\n<p><noscript><a href=\"https:\/\/www.contadorvisitasgratis.com\" title=\"contador de visitas para web\"><span data-mce-type=\"bookmark\" style=\"display: inline-block; width: 0px; overflow: hidden; line-height: 0;\" class=\"mce_SELRES_start\"><\/span><img\n\n<\/noscript><a title=\"contador de visitas para blogger\" href=\"https:\/\/www.contadorvisitasgratis.com\">\u00a0 <strong>\u00a0<\/strong><\/a><\/p>\n ","protected":false},"excerpt":{"rendered":"<p class=\"post-excerpt\">Este es el extracto de la p\u00e1gina de inicio<\/p>\n","protected":false},"author":1,"featured_media":0,"parent":0,"menu_order":0,"comment_status":"closed","ping_status":"closed","template":"","meta":{"footnotes":""},"_links":{"self":[{"href":"http:\/\/www.iglesiadesansebastian.org\/index.php?rest_route=\/wp\/v2\/pages\/8"}],"collection":[{"href":"http:\/\/www.iglesiadesansebastian.org\/index.php?rest_route=\/wp\/v2\/pages"}],"about":[{"href":"http:\/\/www.iglesiadesansebastian.org\/index.php?rest_route=\/wp\/v2\/types\/page"}],"author":[{"embeddable":true,"href":"http:\/\/www.iglesiadesansebastian.org\/index.php?rest_route=\/wp\/v2\/users\/1"}],"replies":[{"embeddable":true,"href":"http:\/\/www.iglesiadesansebastian.org\/index.php?rest_route=%2Fwp%2Fv2%2Fcomments&post=8"}],"version-history":[{"count":183,"href":"http:\/\/www.iglesiadesansebastian.org\/index.php?rest_route=\/wp\/v2\/pages\/8\/revisions"}],"predecessor-version":[{"id":1349,"href":"http:\/\/www.iglesiadesansebastian.org\/index.php?rest_route=\/wp\/v2\/pages\/8\/revisions\/1349"}],"wp:attachment":[{"href":"http:\/\/www.iglesiadesansebastian.org\/index.php?rest_route=%2Fwp%2Fv2%2Fmedia&parent=8"}],"curies":[{"name":"wp","href":"https:\/\/api.w.org\/{rel}","templated":true}]}}